{"id":102,"date":"2009-03-26T12:19:53","date_gmt":"2009-03-26T11:19:53","guid":{"rendered":"http:\/\/michael.flocco.free.fr\/blog\/?page_id=102"},"modified":"2010-01-03T11:28:59","modified_gmt":"2010-01-03T10:28:59","slug":"vieux-mur","status":"publish","type":"page","link":"http:\/\/michaelflocco.com\/blog\/?page_id=102","title":{"rendered":"Vieux mur"},"content":{"rendered":"<p>Voici un premier essai de mur ab\u00eem\u00e9 sous ZBrush. Normal map import\u00e9e sur un mod\u00e8le basse d\u00e9finition sur 3Ds Max. Rendu MentalRay.<\/p>\n            \n\t\t<div class=\"ngg-gallery-singlepic-image ngg-center\" style=\"max-width: 480px\">\n\t\t\t    \t<a href=\"http:\/\/michaelflocco.com\/blog\/wp-content\/gallery\/murzb01\/mur_zb_rendu.jpg\"\n\t\t     title=\"\"\n             data-src=\"http:\/\/michaelflocco.com\/blog\/wp-content\/gallery\/murzb01\/mur_zb_rendu.jpg\"\n             data-thumbnail=\"http:\/\/michaelflocco.com\/blog\/wp-content\/gallery\/murzb01\/thumbs\/thumbs_mur_zb_rendu.jpg\"\n             data-image-id=\"124\"\n             data-title=\"mur_zb_rendu.jpg\"\n             data-description=\"\"\n             target='_self'\n             class=\"shutterset_60801d29079ca3b3fea9d0d0d7e6ca04\">\n            <img class=\"ngg-singlepic\"\n             src=\"http:\/\/michaelflocco.com\/blog\/wp-content\/gallery\/murzb01\/cache\/mur_zb_rendu.jpg-nggid03124-ngg0dyn-480x360x100-00f0w010c010r110f110r010t010.jpg\"\n             alt=\"mur_zb_rendu.jpg\"\n             title=\"mur_zb_rendu.jpg\"\n              width=\"480\"               \/>\n    \t<\/a>\n\t\t      <\/div>\n        \n<!-- default-view.php -->\n<div\n\tclass=\"ngg-galleryoverview default-view \"\n\tid=\"ngg-gallery-811dd2c907764c7e1d2c455f48e54629-1\">\n\n\t\t<!-- Thumbnails -->\n\t\t\t\t<div id=\"ngg-image-0\" class=\"ngg-gallery-thumbnail-box \" >\n\t\t\t\t        <div class=\"ngg-gallery-thumbnail\">\n            <a href=\"http:\/\/michaelflocco.com\/blog\/wp-content\/gallery\/murzb01\/mur_zb_rendu.jpg\"\n               title=\"\"\n               data-src=\"http:\/\/michaelflocco.com\/blog\/wp-content\/gallery\/murzb01\/mur_zb_rendu.jpg\"\n               data-thumbnail=\"http:\/\/michaelflocco.com\/blog\/wp-content\/gallery\/murzb01\/thumbs\/thumbs_mur_zb_rendu.jpg\"\n               data-image-id=\"124\"\n               data-title=\"mur_zb_rendu.jpg\"\n               data-description=\"\"\n               data-image-slug=\"mur_zb_rendu-jpg\"\n               class=\"shutterset_811dd2c907764c7e1d2c455f48e54629\">\n                <img\n                    title=\"mur_zb_rendu.jpg\"\n                    alt=\"mur_zb_rendu.jpg\"\n                    src=\"http:\/\/michaelflocco.com\/blog\/wp-content\/gallery\/murzb01\/thumbs\/thumbs_mur_zb_rendu.jpg\"\n                    width=\"97\"\n                    height=\"75\"\n                    style=\"max-width:100%;\"\n                \/>\n            <\/a>\n        <\/div>\n\t\t\t\t\t\t\t<\/div> \n\t\t\t\n\t\t\t\t<div id=\"ngg-image-1\" class=\"ngg-gallery-thumbnail-box \" >\n\t\t\t\t        <div class=\"ngg-gallery-thumbnail\">\n            <a href=\"http:\/\/michaelflocco.com\/blog\/wp-content\/gallery\/murzb01\/mur_zb_sculpt.jpg\"\n               title=\"\"\n               data-src=\"http:\/\/michaelflocco.com\/blog\/wp-content\/gallery\/murzb01\/mur_zb_sculpt.jpg\"\n               data-thumbnail=\"http:\/\/michaelflocco.com\/blog\/wp-content\/gallery\/murzb01\/thumbs\/thumbs_mur_zb_sculpt.jpg\"\n               data-image-id=\"125\"\n               data-title=\"mur_zb_sculpt.jpg\"\n               data-description=\"\"\n               data-image-slug=\"mur_zb_sculpt-jpg\"\n               class=\"shutterset_811dd2c907764c7e1d2c455f48e54629\">\n                <img\n                    title=\"mur_zb_sculpt.jpg\"\n                    alt=\"mur_zb_sculpt.jpg\"\n                    src=\"http:\/\/michaelflocco.com\/blog\/wp-content\/gallery\/murzb01\/thumbs\/thumbs_mur_zb_sculpt.jpg\"\n                    width=\"97\"\n                    height=\"75\"\n                    style=\"max-width:100%;\"\n                \/>\n            <\/a>\n        <\/div>\n\t\t\t\t\t\t\t<\/div> \n\t\t\t\n\t\n\t<br style=\"clear: both\" \/>\n\n\t\n\t\t<div class=\"ngg-clear\"><\/div>\n\t<\/div>\n\n","protected":false},"excerpt":{"rendered":"<p>Voici un premier essai de mur ab\u00eem\u00e9 sous ZBrush. Normal map import\u00e9e sur un mod\u00e8le basse d\u00e9finition sur 3Ds Max. Rendu MentalRay.<\/p>\n","protected":false},"author":1,"featured_media":0,"parent":3,"menu_order":0,"comment_status":"open","ping_status":"open","template":"","meta":{"ngg_post_thumbnail":0},"_links":{"self":[{"href":"http:\/\/michaelflocco.com\/blog\/index.php?rest_route=\/wp\/v2\/pages\/102"}],"collection":[{"href":"http:\/\/michaelflocco.com\/blog\/index.php?rest_route=\/wp\/v2\/pages"}],"about":[{"href":"http:\/\/michaelflocco.com\/blog\/index.php?rest_route=\/wp\/v2\/types\/page"}],"author":[{"embeddable":true,"href":"http:\/\/michaelflocco.com\/blog\/index.php?rest_route=\/wp\/v2\/users\/1"}],"replies":[{"embeddable":true,"href":"http:\/\/michaelflocco.com\/blog\/index.php?rest_route=%2Fwp%2Fv2%2Fcomments&post=102"}],"version-history":[{"count":3,"href":"http:\/\/michaelflocco.com\/blog\/index.php?rest_route=\/wp\/v2\/pages\/102\/revisions"}],"predecessor-version":[{"id":271,"href":"http:\/\/michaelflocco.com\/blog\/index.php?rest_route=\/wp\/v2\/pages\/102\/revisions\/271"}],"up":[{"embeddable":true,"href":"http:\/\/michaelflocco.com\/blog\/index.php?rest_route=\/wp\/v2\/pages\/3"}],"wp:attachment":[{"href":"http:\/\/michaelflocco.com\/blog\/index.php?rest_route=%2Fwp%2Fv2%2Fmedia&parent=102"}],"curies":[{"name":"wp","href":"https:\/\/api.w.org\/{rel}","templated":true}]}}