{"id":129,"date":"2009-04-25T00:35:16","date_gmt":"2009-04-24T23:35:16","guid":{"rendered":"http:\/\/michael.flocco.free.fr\/blog\/?page_id=129"},"modified":"2010-01-03T11:31:19","modified_gmt":"2010-01-03T10:31:19","slug":"hache-de-pompier","status":"publish","type":"page","link":"http:\/\/michaelflocco.com\/blog\/?page_id=129","title":{"rendered":"Hache de pompier"},"content":{"rendered":"<p>Voici un objet simple avec lequel j&#8217;ai tent\u00e9 d&#8217;avoir un rendu le plus proche de la r\u00e9alit\u00e9 possible.<br \/>\n&#8211; 1 diffuse et 1 normal map 1024&#215;1024<br \/>\n&#8211; Rendu Mental Ray<br \/>\n&#8211; 491 tris<\/p>\n            \n\t\t<div class=\"ngg-gallery-singlepic-image ngg-center\" style=\"max-width: 480px\">\n\t\t\t    \t<a href=\"http:\/\/michaelflocco.com\/blog\/wp-content\/gallery\/fireman_axe\/axe_01.jpg\"\n\t\t     title=\"\"\n             data-src=\"http:\/\/michaelflocco.com\/blog\/wp-content\/gallery\/fireman_axe\/axe_01.jpg\"\n             data-thumbnail=\"http:\/\/michaelflocco.com\/blog\/wp-content\/gallery\/fireman_axe\/thumbs\/thumbs_axe_01.jpg\"\n             data-image-id=\"170\"\n             data-title=\"axe_01.jpg\"\n             data-description=\"\"\n             target='_self'\n             class=\"shutterset_bca4c2e6c8baedc62aa4d3b49afe40c3\">\n            <img class=\"ngg-singlepic\"\n             src=\"http:\/\/michaelflocco.com\/blog\/wp-content\/gallery\/fireman_axe\/cache\/axe_01.jpg-nggid03170-ngg0dyn-480x360x100-00f0w010c010r110f110r010t010.jpg\"\n             alt=\"axe_01.jpg\"\n             title=\"axe_01.jpg\"\n              width=\"480\"               \/>\n    \t<\/a>\n\t\t      <\/div>\n        \n<!-- default-view.php -->\n<div\n\tclass=\"ngg-galleryoverview default-view \"\n\tid=\"ngg-gallery-204e1ff8fc89349d4b9af0b373f89c08-1\">\n\n\t\t<!-- Thumbnails -->\n\t\t\t\t<div id=\"ngg-image-0\" class=\"ngg-gallery-thumbnail-box \" >\n\t\t\t\t        <div class=\"ngg-gallery-thumbnail\">\n            <a href=\"http:\/\/michaelflocco.com\/blog\/wp-content\/gallery\/fireman_axe\/axe_01.jpg\"\n               title=\"\"\n               data-src=\"http:\/\/michaelflocco.com\/blog\/wp-content\/gallery\/fireman_axe\/axe_01.jpg\"\n               data-thumbnail=\"http:\/\/michaelflocco.com\/blog\/wp-content\/gallery\/fireman_axe\/thumbs\/thumbs_axe_01.jpg\"\n               data-image-id=\"170\"\n               data-title=\"axe_01.jpg\"\n               data-description=\"\"\n               data-image-slug=\"axe_01-jpg\"\n               class=\"shutterset_204e1ff8fc89349d4b9af0b373f89c08\">\n                <img\n                    title=\"axe_01.jpg\"\n                    alt=\"axe_01.jpg\"\n                    src=\"http:\/\/michaelflocco.com\/blog\/wp-content\/gallery\/fireman_axe\/thumbs\/thumbs_axe_01.jpg\"\n                    width=\"97\"\n                    height=\"75\"\n                    style=\"max-width:100%;\"\n                \/>\n            <\/a>\n        <\/div>\n\t\t\t\t\t\t\t<\/div> \n\t\t\t\n\t\t\t\t<div id=\"ngg-image-1\" class=\"ngg-gallery-thumbnail-box \" >\n\t\t\t\t        <div class=\"ngg-gallery-thumbnail\">\n            <a href=\"http:\/\/michaelflocco.com\/blog\/wp-content\/gallery\/fireman_axe\/axe_02.jpg\"\n               title=\"\"\n               data-src=\"http:\/\/michaelflocco.com\/blog\/wp-content\/gallery\/fireman_axe\/axe_02.jpg\"\n               data-thumbnail=\"http:\/\/michaelflocco.com\/blog\/wp-content\/gallery\/fireman_axe\/thumbs\/thumbs_axe_02.jpg\"\n               data-image-id=\"171\"\n               data-title=\"axe_02.jpg\"\n               data-description=\"\"\n               data-image-slug=\"axe_02-jpg\"\n               class=\"shutterset_204e1ff8fc89349d4b9af0b373f89c08\">\n                <img\n                    title=\"axe_02.jpg\"\n                    alt=\"axe_02.jpg\"\n                    src=\"http:\/\/michaelflocco.com\/blog\/wp-content\/gallery\/fireman_axe\/thumbs\/thumbs_axe_02.jpg\"\n                    width=\"97\"\n                    height=\"75\"\n                    style=\"max-width:100%;\"\n                \/>\n            <\/a>\n        <\/div>\n\t\t\t\t\t\t\t<\/div> \n\t\t\t\n\t\t\t\t<div id=\"ngg-image-2\" class=\"ngg-gallery-thumbnail-box \" >\n\t\t\t\t        <div class=\"ngg-gallery-thumbnail\">\n            <a href=\"http:\/\/michaelflocco.com\/blog\/wp-content\/gallery\/fireman_axe\/axe_wire.jpg\"\n               title=\"\"\n               data-src=\"http:\/\/michaelflocco.com\/blog\/wp-content\/gallery\/fireman_axe\/axe_wire.jpg\"\n               data-thumbnail=\"http:\/\/michaelflocco.com\/blog\/wp-content\/gallery\/fireman_axe\/thumbs\/thumbs_axe_wire.jpg\"\n               data-image-id=\"172\"\n               data-title=\"axe_wire.jpg\"\n               data-description=\"\"\n               data-image-slug=\"axe_wire-jpg\"\n               class=\"shutterset_204e1ff8fc89349d4b9af0b373f89c08\">\n                <img\n                    title=\"axe_wire.jpg\"\n                    alt=\"axe_wire.jpg\"\n                    src=\"http:\/\/michaelflocco.com\/blog\/wp-content\/gallery\/fireman_axe\/thumbs\/thumbs_axe_wire.jpg\"\n                    width=\"97\"\n                    height=\"75\"\n                    style=\"max-width:100%;\"\n                \/>\n            <\/a>\n        <\/div>\n\t\t\t\t\t\t\t<\/div> \n\t\t\t\n\t\n\t<br style=\"clear: both\" \/>\n\n\t\n\t\t<div class=\"ngg-clear\"><\/div>\n\t<\/div>\n\n","protected":false},"excerpt":{"rendered":"<p>Voici un objet simple avec lequel j&#8217;ai tent\u00e9 d&#8217;avoir un rendu le plus proche de la r\u00e9alit\u00e9 possible. &#8211; 1 diffuse et 1 normal map 1024&#215;1024 &#8211; Rendu Mental Ray &#8211; 491 tris<\/p>\n","protected":false},"author":1,"featured_media":0,"parent":3,"menu_order":0,"comment_status":"open","ping_status":"open","template":"","meta":{"ngg_post_thumbnail":0},"_links":{"self":[{"href":"http:\/\/michaelflocco.com\/blog\/index.php?rest_route=\/wp\/v2\/pages\/129"}],"collection":[{"href":"http:\/\/michaelflocco.com\/blog\/index.php?rest_route=\/wp\/v2\/pages"}],"about":[{"href":"http:\/\/michaelflocco.com\/blog\/index.php?rest_route=\/wp\/v2\/types\/page"}],"author":[{"embeddable":true,"href":"http:\/\/michaelflocco.com\/blog\/index.php?rest_route=\/wp\/v2\/users\/1"}],"replies":[{"embeddable":true,"href":"http:\/\/michaelflocco.com\/blog\/index.php?rest_route=%2Fwp%2Fv2%2Fcomments&post=129"}],"version-history":[{"count":3,"href":"http:\/\/michaelflocco.com\/blog\/index.php?rest_route=\/wp\/v2\/pages\/129\/revisions"}],"predecessor-version":[{"id":276,"href":"http:\/\/michaelflocco.com\/blog\/index.php?rest_route=\/wp\/v2\/pages\/129\/revisions\/276"}],"up":[{"embeddable":true,"href":"http:\/\/michaelflocco.com\/blog\/index.php?rest_route=\/wp\/v2\/pages\/3"}],"wp:attachment":[{"href":"http:\/\/michaelflocco.com\/blog\/index.php?rest_route=%2Fwp%2Fv2%2Fmedia&parent=129"}],"curies":[{"name":"wp","href":"https:\/\/api.w.org\/{rel}","templated":true}]}}