{"id":168,"date":"2009-05-30T22:40:24","date_gmt":"2009-05-30T21:40:24","guid":{"rendered":"http:\/\/michael.flocco.free.fr\/blog\/?page_id=168"},"modified":"2010-01-03T11:29:04","modified_gmt":"2010-01-03T10:29:04","slug":"the-phone-booth-wip","status":"publish","type":"page","link":"http:\/\/michaelflocco.com\/blog\/?page_id=168","title":{"rendered":"The phone booth (WIP)"},"content":{"rendered":"<p>Il s&#8217;agit d&#8217;une cabine t\u00e9l\u00e9phonique pr\u00e9sente dans une sc\u00e8ne que je suis en train de r\u00e9aliser : le m\u00e9tro o\u00f9 N\u00e9o et Smith s&#8217;affrontent dans le premier volet de la trilogie Matrix.<br \/>\n1778 tris.<br \/>\n1 diffuse, alpha, auto-illu : 2048x2048px.<br \/>\n3Ds Max default scanline.<\/p>\n            \n\t\t<div class=\"ngg-gallery-singlepic-image ngg-center\" style=\"max-width: 480px\">\n\t\t\t    \t<a href=\"http:\/\/michaelflocco.com\/blog\/wp-content\/gallery\/phonebooth\/phonebooth_final.jpg\"\n\t\t     title=\"\"\n             data-src=\"http:\/\/michaelflocco.com\/blog\/wp-content\/gallery\/phonebooth\/phonebooth_final.jpg\"\n             data-thumbnail=\"http:\/\/michaelflocco.com\/blog\/wp-content\/gallery\/phonebooth\/thumbs\/thumbs_phonebooth_final.jpg\"\n             data-image-id=\"223\"\n             data-title=\"phonebooth_final\"\n             data-description=\"\"\n             target='_self'\n             class=\"shutterset_a22fac3e60c7d0687be629f85aafef86\">\n            <img class=\"ngg-singlepic\"\n             src=\"http:\/\/michaelflocco.com\/blog\/wp-content\/gallery\/phonebooth\/cache\/phonebooth_final.jpg-nggid03223-ngg0dyn-480x360x100-00f0w010c010r110f110r010t010.jpg\"\n             alt=\"phonebooth_final\"\n             title=\"phonebooth_final\"\n              width=\"480\"               \/>\n    \t<\/a>\n\t\t      <\/div>\n        \n<!-- default-view.php -->\n<div\n\tclass=\"ngg-galleryoverview default-view \"\n\tid=\"ngg-gallery-6dd780e93fd1bd3e6ced11028f5a6c67-1\">\n\n\t\t<!-- Thumbnails -->\n\t\t\t\t<div id=\"ngg-image-0\" class=\"ngg-gallery-thumbnail-box \" >\n\t\t\t\t        <div class=\"ngg-gallery-thumbnail\">\n            <a href=\"http:\/\/michaelflocco.com\/blog\/wp-content\/gallery\/phonebooth\/phonebooth_final.jpg\"\n               title=\"\"\n               data-src=\"http:\/\/michaelflocco.com\/blog\/wp-content\/gallery\/phonebooth\/phonebooth_final.jpg\"\n               data-thumbnail=\"http:\/\/michaelflocco.com\/blog\/wp-content\/gallery\/phonebooth\/thumbs\/thumbs_phonebooth_final.jpg\"\n               data-image-id=\"223\"\n               data-title=\"phonebooth_final\"\n               data-description=\"\"\n               data-image-slug=\"phonebooth_final\"\n               class=\"shutterset_6dd780e93fd1bd3e6ced11028f5a6c67\">\n                <img\n                    title=\"phonebooth_final\"\n                    alt=\"phonebooth_final\"\n                    src=\"http:\/\/michaelflocco.com\/blog\/wp-content\/gallery\/phonebooth\/thumbs\/thumbs_phonebooth_final.jpg\"\n                    width=\"97\"\n                    height=\"75\"\n                    style=\"max-width:100%;\"\n                \/>\n            <\/a>\n        <\/div>\n\t\t\t\t\t\t\t<\/div> \n\t\t\t\n\t\t\t\t<div id=\"ngg-image-1\" class=\"ngg-gallery-thumbnail-box \" >\n\t\t\t\t        <div class=\"ngg-gallery-thumbnail\">\n            <a href=\"http:\/\/michaelflocco.com\/blog\/wp-content\/gallery\/phonebooth\/phonebooth_wip01.jpg\"\n               title=\"\"\n               data-src=\"http:\/\/michaelflocco.com\/blog\/wp-content\/gallery\/phonebooth\/phonebooth_wip01.jpg\"\n               data-thumbnail=\"http:\/\/michaelflocco.com\/blog\/wp-content\/gallery\/phonebooth\/thumbs\/thumbs_phonebooth_wip01.jpg\"\n               data-image-id=\"224\"\n               data-title=\"phonebooth_wip01\"\n               data-description=\"\"\n               data-image-slug=\"phonebooth_wip01\"\n               class=\"shutterset_6dd780e93fd1bd3e6ced11028f5a6c67\">\n                <img\n                    title=\"phonebooth_wip01\"\n                    alt=\"phonebooth_wip01\"\n                    src=\"http:\/\/michaelflocco.com\/blog\/wp-content\/gallery\/phonebooth\/thumbs\/thumbs_phonebooth_wip01.jpg\"\n                    width=\"100\"\n                    height=\"75\"\n                    style=\"max-width:100%;\"\n                \/>\n            <\/a>\n        <\/div>\n\t\t\t\t\t\t\t<\/div> \n\t\t\t\n\t\t\t\t<div id=\"ngg-image-2\" class=\"ngg-gallery-thumbnail-box \" >\n\t\t\t\t        <div class=\"ngg-gallery-thumbnail\">\n            <a href=\"http:\/\/michaelflocco.com\/blog\/wp-content\/gallery\/phonebooth\/phonebooth_wip02.jpg\"\n               title=\"\"\n               data-src=\"http:\/\/michaelflocco.com\/blog\/wp-content\/gallery\/phonebooth\/phonebooth_wip02.jpg\"\n               data-thumbnail=\"http:\/\/michaelflocco.com\/blog\/wp-content\/gallery\/phonebooth\/thumbs\/thumbs_phonebooth_wip02.jpg\"\n               data-image-id=\"225\"\n               data-title=\"phonebooth_wip02\"\n               data-description=\"\"\n               data-image-slug=\"phonebooth_wip02\"\n               class=\"shutterset_6dd780e93fd1bd3e6ced11028f5a6c67\">\n                <img\n                    title=\"phonebooth_wip02\"\n                    alt=\"phonebooth_wip02\"\n                    src=\"http:\/\/michaelflocco.com\/blog\/wp-content\/gallery\/phonebooth\/thumbs\/thumbs_phonebooth_wip02.jpg\"\n                    width=\"97\"\n                    height=\"75\"\n                    style=\"max-width:100%;\"\n                \/>\n            <\/a>\n        <\/div>\n\t\t\t\t\t\t\t<\/div> \n\t\t\t\n\t\t\t\t<div id=\"ngg-image-3\" class=\"ngg-gallery-thumbnail-box \" >\n\t\t\t\t        <div class=\"ngg-gallery-thumbnail\">\n            <a href=\"http:\/\/michaelflocco.com\/blog\/wp-content\/gallery\/phonebooth\/phonebooth_wire.jpg\"\n               title=\"\"\n               data-src=\"http:\/\/michaelflocco.com\/blog\/wp-content\/gallery\/phonebooth\/phonebooth_wire.jpg\"\n               data-thumbnail=\"http:\/\/michaelflocco.com\/blog\/wp-content\/gallery\/phonebooth\/thumbs\/thumbs_phonebooth_wire.jpg\"\n               data-image-id=\"226\"\n               data-title=\"phonebooth_wire\"\n               data-description=\"\"\n               data-image-slug=\"phonebooth_wire\"\n               class=\"shutterset_6dd780e93fd1bd3e6ced11028f5a6c67\">\n                <img\n                    title=\"phonebooth_wire\"\n                    alt=\"phonebooth_wire\"\n                    src=\"http:\/\/michaelflocco.com\/blog\/wp-content\/gallery\/phonebooth\/thumbs\/thumbs_phonebooth_wire.jpg\"\n                    width=\"95\"\n                    height=\"75\"\n                    style=\"max-width:100%;\"\n                \/>\n            <\/a>\n        <\/div>\n\t\t\t\t\t\t\t<\/div> \n\t\t\t\n\t\n\t<br style=\"clear: both\" \/>\n\n\t\n\t\t<div class=\"ngg-clear\"><\/div>\n\t<\/div>\n\n","protected":false},"excerpt":{"rendered":"<p>Il s&#8217;agit d&#8217;une cabine t\u00e9l\u00e9phonique pr\u00e9sente dans une sc\u00e8ne que je suis en train de r\u00e9aliser : le m\u00e9tro o\u00f9 N\u00e9o et Smith s&#8217;affrontent dans le premier volet de la trilogie Matrix. 1778 tris. 1 diffuse, alpha, auto-illu : 2048x2048px. 3Ds Max default scanline.<\/p>\n","protected":false},"author":1,"featured_media":0,"parent":3,"menu_order":0,"comment_status":"open","ping_status":"open","template":"","meta":{"ngg_post_thumbnail":0},"_links":{"self":[{"href":"http:\/\/michaelflocco.com\/blog\/index.php?rest_route=\/wp\/v2\/pages\/168"}],"collection":[{"href":"http:\/\/michaelflocco.com\/blog\/index.php?rest_route=\/wp\/v2\/pages"}],"about":[{"href":"http:\/\/michaelflocco.com\/blog\/index.php?rest_route=\/wp\/v2\/types\/page"}],"author":[{"embeddable":true,"href":"http:\/\/michaelflocco.com\/blog\/index.php?rest_route=\/wp\/v2\/users\/1"}],"replies":[{"embeddable":true,"href":"http:\/\/michaelflocco.com\/blog\/index.php?rest_route=%2Fwp%2Fv2%2Fcomments&post=168"}],"version-history":[{"count":8,"href":"http:\/\/michaelflocco.com\/blog\/index.php?rest_route=\/wp\/v2\/pages\/168\/revisions"}],"predecessor-version":[{"id":273,"href":"http:\/\/michaelflocco.com\/blog\/index.php?rest_route=\/wp\/v2\/pages\/168\/revisions\/273"}],"up":[{"embeddable":true,"href":"http:\/\/michaelflocco.com\/blog\/index.php?rest_route=\/wp\/v2\/pages\/3"}],"wp:attachment":[{"href":"http:\/\/michaelflocco.com\/blog\/index.php?rest_route=%2Fwp%2Fv2%2Fmedia&parent=168"}],"curies":[{"name":"wp","href":"https:\/\/api.w.org\/{rel}","templated":true}]}}