{"id":189,"date":"2009-08-16T16:06:50","date_gmt":"2009-08-16T15:06:50","guid":{"rendered":"http:\/\/michael.flocco.free.fr\/blog\/?page_id=189"},"modified":"2009-09-03T20:10:30","modified_gmt":"2009-09-03T19:10:30","slug":"maintenance-area","status":"publish","type":"page","link":"http:\/\/michaelflocco.com\/blog\/?page_id=189","title":{"rendered":"Maintenance Area"},"content":{"rendered":"<p>Voici une petite sc\u00e8ne repr\u00e9sentant une zone de maintenance abandonn\u00e9e avec une grande h\u00e9lice. L&#8217;h\u00e9lice est \u00e0 la base de cette mise en sc\u00e8ne. Je souhaitais \u00e9galement travailler un \u00e9clairage tamis\u00e9 mais avec des motifs, c&#8217;est pourquoi beaucoup d&#8217;objets bloquent la lumi\u00e8re et cr\u00e9ent des ombres.<\/p>\n<p>5,062 tris.<br \/>\n2&#215;2048 px diffuse<br \/>\n1&#215;2048 px normal<br \/>\n1&#215;2048 px alpha<\/p>\n            \n\t\t<div class=\"ngg-gallery-singlepic-image ngg-center\" style=\"max-width: 480px\">\n\t\t\t    \t<a href=\"http:\/\/michaelflocco.com\/blog\/wp-content\/gallery\/maintenancearea\/rendu_maintenance.jpg\"\n\t\t     title=\"\"\n             data-src=\"http:\/\/michaelflocco.com\/blog\/wp-content\/gallery\/maintenancearea\/rendu_maintenance.jpg\"\n             data-thumbnail=\"http:\/\/michaelflocco.com\/blog\/wp-content\/gallery\/maintenancearea\/thumbs\/thumbs_rendu_maintenance.jpg\"\n             data-image-id=\"204\"\n             data-title=\"rendu_maintenance.jpg\"\n             data-description=\"\"\n             target='_self'\n             class=\"shutterset_f05cf9f90c8a67e5276e20959acd0fcd\">\n            <img class=\"ngg-singlepic\"\n             src=\"http:\/\/michaelflocco.com\/blog\/wp-content\/gallery\/maintenancearea\/cache\/rendu_maintenance.jpg-nggid03204-ngg0dyn-480x360x100-00f0w010c010r110f110r010t010.jpg\"\n             alt=\"rendu_maintenance.jpg\"\n             title=\"rendu_maintenance.jpg\"\n              width=\"480\"               \/>\n    \t<\/a>\n\t\t      <\/div>\n        \n<!-- default-view.php -->\n<div\n\tclass=\"ngg-galleryoverview default-view \"\n\tid=\"ngg-gallery-b8ea820a8e65cb517f2ffb0278345be7-1\">\n\n\t\t<!-- Thumbnails -->\n\t\t\t\t<div id=\"ngg-image-0\" class=\"ngg-gallery-thumbnail-box \" >\n\t\t\t\t        <div class=\"ngg-gallery-thumbnail\">\n            <a href=\"http:\/\/michaelflocco.com\/blog\/wp-content\/gallery\/maintenancearea\/wip01.jpg\"\n               title=\"\"\n               data-src=\"http:\/\/michaelflocco.com\/blog\/wp-content\/gallery\/maintenancearea\/wip01.jpg\"\n               data-thumbnail=\"http:\/\/michaelflocco.com\/blog\/wp-content\/gallery\/maintenancearea\/thumbs\/thumbs_wip01.jpg\"\n               data-image-id=\"202\"\n               data-title=\"wip01.jpg\"\n               data-description=\"\"\n               data-image-slug=\"wip01-jpg\"\n               class=\"shutterset_b8ea820a8e65cb517f2ffb0278345be7\">\n                <img\n                    title=\"wip01.jpg\"\n                    alt=\"wip01.jpg\"\n                    src=\"http:\/\/michaelflocco.com\/blog\/wp-content\/gallery\/maintenancearea\/thumbs\/thumbs_wip01.jpg\"\n                    width=\"100\"\n                    height=\"75\"\n                    style=\"max-width:100%;\"\n                \/>\n            <\/a>\n        <\/div>\n\t\t\t\t\t\t\t<\/div> \n\t\t\t\n\t\t\t\t<div id=\"ngg-image-1\" class=\"ngg-gallery-thumbnail-box \" >\n\t\t\t\t        <div class=\"ngg-gallery-thumbnail\">\n            <a href=\"http:\/\/michaelflocco.com\/blog\/wp-content\/gallery\/maintenancearea\/rendu_maintenance.jpg\"\n               title=\"\"\n               data-src=\"http:\/\/michaelflocco.com\/blog\/wp-content\/gallery\/maintenancearea\/rendu_maintenance.jpg\"\n               data-thumbnail=\"http:\/\/michaelflocco.com\/blog\/wp-content\/gallery\/maintenancearea\/thumbs\/thumbs_rendu_maintenance.jpg\"\n               data-image-id=\"204\"\n               data-title=\"rendu_maintenance.jpg\"\n               data-description=\"\"\n               data-image-slug=\"rendu_maintenance-jpg\"\n               class=\"shutterset_b8ea820a8e65cb517f2ffb0278345be7\">\n                <img\n                    title=\"rendu_maintenance.jpg\"\n                    alt=\"rendu_maintenance.jpg\"\n                    src=\"http:\/\/michaelflocco.com\/blog\/wp-content\/gallery\/maintenancearea\/thumbs\/thumbs_rendu_maintenance.jpg\"\n                    width=\"100\"\n                    height=\"75\"\n                    style=\"max-width:100%;\"\n                \/>\n            <\/a>\n        <\/div>\n\t\t\t\t\t\t\t<\/div> \n\t\t\t\n\t\t\t\t<div id=\"ngg-image-2\" class=\"ngg-gallery-thumbnail-box \" >\n\t\t\t\t        <div class=\"ngg-gallery-thumbnail\">\n            <a href=\"http:\/\/michaelflocco.com\/blog\/wp-content\/gallery\/maintenancearea\/diffuse_01_maintenance.jpg\"\n               title=\"\"\n               data-src=\"http:\/\/michaelflocco.com\/blog\/wp-content\/gallery\/maintenancearea\/diffuse_01_maintenance.jpg\"\n               data-thumbnail=\"http:\/\/michaelflocco.com\/blog\/wp-content\/gallery\/maintenancearea\/thumbs\/thumbs_diffuse_01_maintenance.jpg\"\n               data-image-id=\"205\"\n               data-title=\"diffuse_01_maintenance.jpg\"\n               data-description=\"\"\n               data-image-slug=\"diffuse_01_maintenance-jpg\"\n               class=\"shutterset_b8ea820a8e65cb517f2ffb0278345be7\">\n                <img\n                    title=\"diffuse_01_maintenance.jpg\"\n                    alt=\"diffuse_01_maintenance.jpg\"\n                    src=\"http:\/\/michaelflocco.com\/blog\/wp-content\/gallery\/maintenancearea\/thumbs\/thumbs_diffuse_01_maintenance.jpg\"\n                    width=\"75\"\n                    height=\"75\"\n                    style=\"max-width:100%;\"\n                \/>\n            <\/a>\n        <\/div>\n\t\t\t\t\t\t\t<\/div> \n\t\t\t\n\t\t\t\t<div id=\"ngg-image-3\" class=\"ngg-gallery-thumbnail-box \" >\n\t\t\t\t        <div class=\"ngg-gallery-thumbnail\">\n            <a href=\"http:\/\/michaelflocco.com\/blog\/wp-content\/gallery\/maintenancearea\/diffuse_02_maintenance.jpg\"\n               title=\"\"\n               data-src=\"http:\/\/michaelflocco.com\/blog\/wp-content\/gallery\/maintenancearea\/diffuse_02_maintenance.jpg\"\n               data-thumbnail=\"http:\/\/michaelflocco.com\/blog\/wp-content\/gallery\/maintenancearea\/thumbs\/thumbs_diffuse_02_maintenance.jpg\"\n               data-image-id=\"206\"\n               data-title=\"diffuse_02_maintenance.jpg\"\n               data-description=\"\"\n               data-image-slug=\"diffuse_02_maintenance-jpg\"\n               class=\"shutterset_b8ea820a8e65cb517f2ffb0278345be7\">\n                <img\n                    title=\"diffuse_02_maintenance.jpg\"\n                    alt=\"diffuse_02_maintenance.jpg\"\n                    src=\"http:\/\/michaelflocco.com\/blog\/wp-content\/gallery\/maintenancearea\/thumbs\/thumbs_diffuse_02_maintenance.jpg\"\n                    width=\"75\"\n                    height=\"75\"\n                    style=\"max-width:100%;\"\n                \/>\n            <\/a>\n        <\/div>\n\t\t\t\t\t\t\t<\/div> \n\t\t\t\n\t\n\t<br style=\"clear: both\" \/>\n\n\t\n\t\t<div class=\"ngg-clear\"><\/div>\n\t<\/div>\n\n","protected":false},"excerpt":{"rendered":"<p>Voici une petite sc\u00e8ne repr\u00e9sentant une zone de maintenance abandonn\u00e9e avec une grande h\u00e9lice. L&#8217;h\u00e9lice est \u00e0 la base de cette mise en sc\u00e8ne. Je souhaitais \u00e9galement travailler un \u00e9clairage tamis\u00e9 mais avec des motifs, c&#8217;est pourquoi beaucoup d&#8217;objets bloquent la lumi\u00e8re et cr\u00e9ent des ombres. 5,062 tris. 2&#215;2048 px diffuse 1&#215;2048 px normal 1&#215;2048 [&hellip;]<\/p>\n","protected":false},"author":1,"featured_media":0,"parent":3,"menu_order":0,"comment_status":"open","ping_status":"open","template":"","meta":{"ngg_post_thumbnail":0},"_links":{"self":[{"href":"http:\/\/michaelflocco.com\/blog\/index.php?rest_route=\/wp\/v2\/pages\/189"}],"collection":[{"href":"http:\/\/michaelflocco.com\/blog\/index.php?rest_route=\/wp\/v2\/pages"}],"about":[{"href":"http:\/\/michaelflocco.com\/blog\/index.php?rest_route=\/wp\/v2\/types\/page"}],"author":[{"embeddable":true,"href":"http:\/\/michaelflocco.com\/blog\/index.php?rest_route=\/wp\/v2\/users\/1"}],"replies":[{"embeddable":true,"href":"http:\/\/michaelflocco.com\/blog\/index.php?rest_route=%2Fwp%2Fv2%2Fcomments&post=189"}],"version-history":[{"count":2,"href":"http:\/\/michaelflocco.com\/blog\/index.php?rest_route=\/wp\/v2\/pages\/189\/revisions"}],"predecessor-version":[{"id":200,"href":"http:\/\/michaelflocco.com\/blog\/index.php?rest_route=\/wp\/v2\/pages\/189\/revisions\/200"}],"up":[{"embeddable":true,"href":"http:\/\/michaelflocco.com\/blog\/index.php?rest_route=\/wp\/v2\/pages\/3"}],"wp:attachment":[{"href":"http:\/\/michaelflocco.com\/blog\/index.php?rest_route=%2Fwp%2Fv2%2Fmedia&parent=189"}],"curies":[{"name":"wp","href":"https:\/\/api.w.org\/{rel}","templated":true}]}}