{"id":25,"date":"2009-03-21T22:20:21","date_gmt":"2009-03-21T21:20:21","guid":{"rendered":"http:\/\/michael.flocco.free.fr\/blog\/?page_id=25"},"modified":"2009-04-25T00:45:11","modified_gmt":"2009-04-24T23:45:11","slug":"escaliers","status":"publish","type":"page","link":"http:\/\/michaelflocco.com\/blog\/?page_id=25","title":{"rendered":"Escaliers"},"content":{"rendered":"<p>Voici une petite sc\u00e8ne d&#8217;int\u00e9rieur inspir\u00e9e d&#8217;un artwork du jeu vid\u00e9o Mirror&#8217;s Edge. J&#8217;ai pris quelques libert\u00e9s mais je dois aussi avouer que j&#8217;ai encore du mal \u00e0 obtenir les m\u00eames effets que dans le jeu.<br \/>\n&#8211; 2 753 tris<br \/>\n&#8211; 2&#215;1024 diffuse, normal maps et specular<\/p>\n<p><center>            \n\t\t<div class=\"ngg-gallery-singlepic-image \" style=\"max-width: 297px\">\n\t\t\t    \t<a href=\"http:\/\/michaelflocco.com\/blog\/wp-content\/gallery\/me_stairs\/rendu03.jpg\"\n\t\t     title=\"\"\n             data-src=\"http:\/\/michaelflocco.com\/blog\/wp-content\/gallery\/me_stairs\/rendu03.jpg\"\n             data-thumbnail=\"http:\/\/michaelflocco.com\/blog\/wp-content\/gallery\/me_stairs\/thumbs\/thumbs_rendu03.jpg\"\n             data-image-id=\"24\"\n             data-title=\"rendu03.jpg\"\n             data-description=\"\"\n             target='_self'\n             class=\"shutterset_f22cbfb2196bfa35f2a07faccc8f6df6\">\n            <img class=\"ngg-singlepic\"\n             src=\"http:\/\/michaelflocco.com\/blog\/wp-content\/gallery\/me_stairs\/cache\/rendu03.jpg-nggid0224-ngg0dyn-480x360x100-00f0w010c010r110f110r010t010.jpg\"\n             alt=\"rendu03.jpg\"\n             title=\"rendu03.jpg\"\n              width=\"297\"               \/>\n    \t<\/a>\n\t\t      <\/div>\n        <\/center><\/p><!-- default-view.php -->\n<div\n\tclass=\"ngg-galleryoverview default-view \"\n\tid=\"ngg-gallery-1d3ecb31fb21102e5ce634b4ed47a27a-1\">\n\n\t\t<!-- Thumbnails -->\n\t\t\t\t<div id=\"ngg-image-0\" class=\"ngg-gallery-thumbnail-box \" >\n\t\t\t\t        <div class=\"ngg-gallery-thumbnail\">\n            <a href=\"http:\/\/michaelflocco.com\/blog\/wp-content\/gallery\/me_stairs\/reference.jpg\"\n               title=\"\"\n               data-src=\"http:\/\/michaelflocco.com\/blog\/wp-content\/gallery\/me_stairs\/reference.jpg\"\n               data-thumbnail=\"http:\/\/michaelflocco.com\/blog\/wp-content\/gallery\/me_stairs\/thumbs\/thumbs_reference.jpg\"\n               data-image-id=\"20\"\n               data-title=\"reference.jpg\"\n               data-description=\"\"\n               data-image-slug=\"reference-jpg\"\n               class=\"shutterset_1d3ecb31fb21102e5ce634b4ed47a27a\">\n                <img\n                    title=\"reference.jpg\"\n                    alt=\"reference.jpg\"\n                    src=\"http:\/\/michaelflocco.com\/blog\/wp-content\/gallery\/me_stairs\/thumbs\/thumbs_reference.jpg\"\n                    width=\"100\"\n                    height=\"75\"\n                    style=\"max-width:100%;\"\n                \/>\n            <\/a>\n        <\/div>\n\t\t\t\t\t\t\t<\/div> \n\t\t\t\n\t\t\t\t<div id=\"ngg-image-1\" class=\"ngg-gallery-thumbnail-box \" >\n\t\t\t\t        <div class=\"ngg-gallery-thumbnail\">\n            <a href=\"http:\/\/michaelflocco.com\/blog\/wp-content\/gallery\/me_stairs\/rendu00.jpg\"\n               title=\"\"\n               data-src=\"http:\/\/michaelflocco.com\/blog\/wp-content\/gallery\/me_stairs\/rendu00.jpg\"\n               data-thumbnail=\"http:\/\/michaelflocco.com\/blog\/wp-content\/gallery\/me_stairs\/thumbs\/thumbs_rendu00.jpg\"\n               data-image-id=\"21\"\n               data-title=\"rendu00.jpg\"\n               data-description=\"\"\n               data-image-slug=\"rendu00-jpg\"\n               class=\"shutterset_1d3ecb31fb21102e5ce634b4ed47a27a\">\n                <img\n                    title=\"rendu00.jpg\"\n                    alt=\"rendu00.jpg\"\n                    src=\"http:\/\/michaelflocco.com\/blog\/wp-content\/gallery\/me_stairs\/thumbs\/thumbs_rendu00.jpg\"\n                    width=\"100\"\n                    height=\"75\"\n                    style=\"max-width:100%;\"\n                \/>\n            <\/a>\n        <\/div>\n\t\t\t\t\t\t\t<\/div> \n\t\t\t\n\t\t\t\t<div id=\"ngg-image-2\" class=\"ngg-gallery-thumbnail-box \" >\n\t\t\t\t        <div class=\"ngg-gallery-thumbnail\">\n            <a href=\"http:\/\/michaelflocco.com\/blog\/wp-content\/gallery\/me_stairs\/rendu01.jpg\"\n               title=\"\"\n               data-src=\"http:\/\/michaelflocco.com\/blog\/wp-content\/gallery\/me_stairs\/rendu01.jpg\"\n               data-thumbnail=\"http:\/\/michaelflocco.com\/blog\/wp-content\/gallery\/me_stairs\/thumbs\/thumbs_rendu01.jpg\"\n               data-image-id=\"22\"\n               data-title=\"rendu01.jpg\"\n               data-description=\"\"\n               data-image-slug=\"rendu01-jpg\"\n               class=\"shutterset_1d3ecb31fb21102e5ce634b4ed47a27a\">\n                <img\n                    title=\"rendu01.jpg\"\n                    alt=\"rendu01.jpg\"\n                    src=\"http:\/\/michaelflocco.com\/blog\/wp-content\/gallery\/me_stairs\/thumbs\/thumbs_rendu01.jpg\"\n                    width=\"100\"\n                    height=\"75\"\n                    style=\"max-width:100%;\"\n                \/>\n            <\/a>\n        <\/div>\n\t\t\t\t\t\t\t<\/div> \n\t\t\t\n\t\t\t\t<div id=\"ngg-image-3\" class=\"ngg-gallery-thumbnail-box \" >\n\t\t\t\t        <div class=\"ngg-gallery-thumbnail\">\n            <a href=\"http:\/\/michaelflocco.com\/blog\/wp-content\/gallery\/me_stairs\/rendu02.jpg\"\n               title=\"\"\n               data-src=\"http:\/\/michaelflocco.com\/blog\/wp-content\/gallery\/me_stairs\/rendu02.jpg\"\n               data-thumbnail=\"http:\/\/michaelflocco.com\/blog\/wp-content\/gallery\/me_stairs\/thumbs\/thumbs_rendu02.jpg\"\n               data-image-id=\"23\"\n               data-title=\"rendu02.jpg\"\n               data-description=\"\"\n               data-image-slug=\"rendu02-jpg-1\"\n               class=\"shutterset_1d3ecb31fb21102e5ce634b4ed47a27a\">\n                <img\n                    title=\"rendu02.jpg\"\n                    alt=\"rendu02.jpg\"\n                    src=\"http:\/\/michaelflocco.com\/blog\/wp-content\/gallery\/me_stairs\/thumbs\/thumbs_rendu02.jpg\"\n                    width=\"100\"\n                    height=\"75\"\n                    style=\"max-width:100%;\"\n                \/>\n            <\/a>\n        <\/div>\n\t\t\t\t\t\t\t<\/div> \n\t\t\t\n\t\t\t\t<div id=\"ngg-image-4\" class=\"ngg-gallery-thumbnail-box \" >\n\t\t\t\t        <div class=\"ngg-gallery-thumbnail\">\n            <a href=\"http:\/\/michaelflocco.com\/blog\/wp-content\/gallery\/me_stairs\/rendu03.jpg\"\n               title=\"\"\n               data-src=\"http:\/\/michaelflocco.com\/blog\/wp-content\/gallery\/me_stairs\/rendu03.jpg\"\n               data-thumbnail=\"http:\/\/michaelflocco.com\/blog\/wp-content\/gallery\/me_stairs\/thumbs\/thumbs_rendu03.jpg\"\n               data-image-id=\"24\"\n               data-title=\"rendu03.jpg\"\n               data-description=\"\"\n               data-image-slug=\"rendu03-jpg\"\n               class=\"shutterset_1d3ecb31fb21102e5ce634b4ed47a27a\">\n                <img\n                    title=\"rendu03.jpg\"\n                    alt=\"rendu03.jpg\"\n                    src=\"http:\/\/michaelflocco.com\/blog\/wp-content\/gallery\/me_stairs\/thumbs\/thumbs_rendu03.jpg\"\n                    width=\"100\"\n                    height=\"75\"\n                    style=\"max-width:100%;\"\n                \/>\n            <\/a>\n        <\/div>\n\t\t\t\t\t\t\t<\/div> \n\t\t\t\n\t\t\t\t<div id=\"ngg-image-5\" class=\"ngg-gallery-thumbnail-box \" >\n\t\t\t\t        <div class=\"ngg-gallery-thumbnail\">\n            <a href=\"http:\/\/michaelflocco.com\/blog\/wp-content\/gallery\/me_stairs\/texture01.jpg\"\n               title=\"\"\n               data-src=\"http:\/\/michaelflocco.com\/blog\/wp-content\/gallery\/me_stairs\/texture01.jpg\"\n               data-thumbnail=\"http:\/\/michaelflocco.com\/blog\/wp-content\/gallery\/me_stairs\/thumbs\/thumbs_texture01.jpg\"\n               data-image-id=\"25\"\n               data-title=\"texture01.jpg\"\n               data-description=\"\"\n               data-image-slug=\"texture01-jpg\"\n               class=\"shutterset_1d3ecb31fb21102e5ce634b4ed47a27a\">\n                <img\n                    title=\"texture01.jpg\"\n                    alt=\"texture01.jpg\"\n                    src=\"http:\/\/michaelflocco.com\/blog\/wp-content\/gallery\/me_stairs\/thumbs\/thumbs_texture01.jpg\"\n                    width=\"75\"\n                    height=\"75\"\n                    style=\"max-width:100%;\"\n                \/>\n            <\/a>\n        <\/div>\n\t\t\t\t\t\t\t<\/div> \n\t\t\t\n\t\t\t\t<div id=\"ngg-image-6\" class=\"ngg-gallery-thumbnail-box \" >\n\t\t\t\t        <div class=\"ngg-gallery-thumbnail\">\n            <a href=\"http:\/\/michaelflocco.com\/blog\/wp-content\/gallery\/me_stairs\/texture02.jpg\"\n               title=\"\"\n               data-src=\"http:\/\/michaelflocco.com\/blog\/wp-content\/gallery\/me_stairs\/texture02.jpg\"\n               data-thumbnail=\"http:\/\/michaelflocco.com\/blog\/wp-content\/gallery\/me_stairs\/thumbs\/thumbs_texture02.jpg\"\n               data-image-id=\"26\"\n               data-title=\"texture02.jpg\"\n               data-description=\"\"\n               data-image-slug=\"texture02-jpg\"\n               class=\"shutterset_1d3ecb31fb21102e5ce634b4ed47a27a\">\n                <img\n                    title=\"texture02.jpg\"\n                    alt=\"texture02.jpg\"\n                    src=\"http:\/\/michaelflocco.com\/blog\/wp-content\/gallery\/me_stairs\/thumbs\/thumbs_texture02.jpg\"\n                    width=\"75\"\n                    height=\"75\"\n                    style=\"max-width:100%;\"\n                \/>\n            <\/a>\n        <\/div>\n\t\t\t\t\t\t\t<\/div> \n\t\t\t\n\t\t\t\t<div id=\"ngg-image-7\" class=\"ngg-gallery-thumbnail-box \" >\n\t\t\t\t        <div class=\"ngg-gallery-thumbnail\">\n            <a href=\"http:\/\/michaelflocco.com\/blog\/wp-content\/gallery\/me_stairs\/stairsme_rendumr.jpg\"\n               title=\"\"\n               data-src=\"http:\/\/michaelflocco.com\/blog\/wp-content\/gallery\/me_stairs\/stairsme_rendumr.jpg\"\n               data-thumbnail=\"http:\/\/michaelflocco.com\/blog\/wp-content\/gallery\/me_stairs\/thumbs\/thumbs_stairsme_rendumr.jpg\"\n               data-image-id=\"127\"\n               data-title=\"stairsme_rendumr.jpg\"\n               data-description=\"\"\n               data-image-slug=\"stairsme_rendumr-jpg\"\n               class=\"shutterset_1d3ecb31fb21102e5ce634b4ed47a27a\">\n                <img\n                    title=\"stairsme_rendumr.jpg\"\n                    alt=\"stairsme_rendumr.jpg\"\n                    src=\"http:\/\/michaelflocco.com\/blog\/wp-content\/gallery\/me_stairs\/thumbs\/thumbs_stairsme_rendumr.jpg\"\n                    width=\"97\"\n                    height=\"75\"\n                    style=\"max-width:100%;\"\n                \/>\n            <\/a>\n        <\/div>\n\t\t\t\t\t\t\t<\/div> \n\t\t\t\n\t\n\t<br style=\"clear: both\" \/>\n\n\t\n\t\t<div class=\"ngg-clear\"><\/div>\n\t<\/div>\n","protected":false},"excerpt":{"rendered":"<p>Voici une petite sc\u00e8ne d&#8217;int\u00e9rieur inspir\u00e9e d&#8217;un artwork du jeu vid\u00e9o Mirror&#8217;s Edge. J&#8217;ai pris quelques libert\u00e9s mais je dois aussi avouer que j&#8217;ai encore du mal \u00e0 obtenir les m\u00eames effets que dans le jeu. &#8211; 2 753 tris &#8211; 2&#215;1024 diffuse, normal maps et specular<\/p>\n","protected":false},"author":1,"featured_media":0,"parent":3,"menu_order":0,"comment_status":"open","ping_status":"open","template":"","meta":{"ngg_post_thumbnail":0},"_links":{"self":[{"href":"http:\/\/michaelflocco.com\/blog\/index.php?rest_route=\/wp\/v2\/pages\/25"}],"collection":[{"href":"http:\/\/michaelflocco.com\/blog\/index.php?rest_route=\/wp\/v2\/pages"}],"about":[{"href":"http:\/\/michaelflocco.com\/blog\/index.php?rest_route=\/wp\/v2\/types\/page"}],"author":[{"embeddable":true,"href":"http:\/\/michaelflocco.com\/blog\/index.php?rest_route=\/wp\/v2\/users\/1"}],"replies":[{"embeddable":true,"href":"http:\/\/michaelflocco.com\/blog\/index.php?rest_route=%2Fwp%2Fv2%2Fcomments&post=25"}],"version-history":[{"count":4,"href":"http:\/\/michaelflocco.com\/blog\/index.php?rest_route=\/wp\/v2\/pages\/25\/revisions"}],"predecessor-version":[{"id":140,"href":"http:\/\/michaelflocco.com\/blog\/index.php?rest_route=\/wp\/v2\/pages\/25\/revisions\/140"}],"up":[{"embeddable":true,"href":"http:\/\/michaelflocco.com\/blog\/index.php?rest_route=\/wp\/v2\/pages\/3"}],"wp:attachment":[{"href":"http:\/\/michaelflocco.com\/blog\/index.php?rest_route=%2Fwp%2Fv2%2Fmedia&parent=25"}],"curies":[{"name":"wp","href":"https:\/\/api.w.org\/{rel}","templated":true}]}}