{"id":28,"date":"2009-03-21T22:58:49","date_gmt":"2009-03-21T21:58:49","guid":{"rendered":"http:\/\/michael.flocco.free.fr\/blog\/?page_id=28"},"modified":"2010-01-03T11:30:46","modified_gmt":"2010-01-03T10:30:46","slug":"mirrors-edge-rooftop","status":"publish","type":"page","link":"http:\/\/michaelflocco.com\/blog\/?page_id=28","title":{"rendered":"Mirror&#8217;s Edge Rooftop"},"content":{"rendered":"<p>Une sc\u00e8ne inspir\u00e9e du jeu vid\u00e9o Mirror&#8217;s Edge.<br \/>\n&#8211; 5 002 tris<br \/>\n&#8211; 2&#215;1024 diffuse<\/p>\n            \n\t\t<div class=\"ngg-gallery-singlepic-image ngg-center\" style=\"max-width: 480px\">\n\t\t\t    \t<a href=\"http:\/\/michaelflocco.com\/blog\/wp-content\/gallery\/me_rooftop\/rendu02.jpg\"\n\t\t     title=\"\"\n             data-src=\"http:\/\/michaelflocco.com\/blog\/wp-content\/gallery\/me_rooftop\/rendu02.jpg\"\n             data-thumbnail=\"http:\/\/michaelflocco.com\/blog\/wp-content\/gallery\/me_rooftop\/thumbs\/thumbs_rendu02.jpg\"\n             data-image-id=\"29\"\n             data-title=\"rendu02.jpg\"\n             data-description=\"\"\n             target='_self'\n             class=\"shutterset_b4ae6eff441c4273331c9734f75befec\">\n            <img class=\"ngg-singlepic\"\n             src=\"http:\/\/michaelflocco.com\/blog\/wp-content\/gallery\/me_rooftop\/cache\/rendu02.jpg-nggid0229-ngg0dyn-480x360x100-00f0w010c010r110f110r010t010.jpg\"\n             alt=\"rendu02.jpg\"\n             title=\"rendu02.jpg\"\n              width=\"480\"               \/>\n    \t<\/a>\n\t\t      <\/div>\n        \n<!-- default-view.php -->\n<div\n\tclass=\"ngg-galleryoverview default-view \"\n\tid=\"ngg-gallery-d317ffc7547f89245b743bc2a7a5e1c1-1\">\n\n\t\t<!-- Thumbnails -->\n\t\t\t\t<div id=\"ngg-image-0\" class=\"ngg-gallery-thumbnail-box \" >\n\t\t\t\t        <div class=\"ngg-gallery-thumbnail\">\n            <a href=\"http:\/\/michaelflocco.com\/blog\/wp-content\/gallery\/me_rooftop\/rendu00.jpg\"\n               title=\"\"\n               data-src=\"http:\/\/michaelflocco.com\/blog\/wp-content\/gallery\/me_rooftop\/rendu00.jpg\"\n               data-thumbnail=\"http:\/\/michaelflocco.com\/blog\/wp-content\/gallery\/me_rooftop\/thumbs\/thumbs_rendu00.jpg\"\n               data-image-id=\"27\"\n               data-title=\"rendu00.jpg\"\n               data-description=\"\"\n               data-image-slug=\"rendu00-jpg\"\n               class=\"shutterset_d317ffc7547f89245b743bc2a7a5e1c1\">\n                <img\n                    title=\"rendu00.jpg\"\n                    alt=\"rendu00.jpg\"\n                    src=\"http:\/\/michaelflocco.com\/blog\/wp-content\/gallery\/me_rooftop\/thumbs\/thumbs_rendu00.jpg\"\n                    width=\"100\"\n                    height=\"75\"\n                    style=\"max-width:100%;\"\n                \/>\n            <\/a>\n        <\/div>\n\t\t\t\t\t\t\t<\/div> \n\t\t\t\n\t\t\t\t<div id=\"ngg-image-1\" class=\"ngg-gallery-thumbnail-box \" >\n\t\t\t\t        <div class=\"ngg-gallery-thumbnail\">\n            <a href=\"http:\/\/michaelflocco.com\/blog\/wp-content\/gallery\/me_rooftop\/rendu01.jpg\"\n               title=\"\"\n               data-src=\"http:\/\/michaelflocco.com\/blog\/wp-content\/gallery\/me_rooftop\/rendu01.jpg\"\n               data-thumbnail=\"http:\/\/michaelflocco.com\/blog\/wp-content\/gallery\/me_rooftop\/thumbs\/thumbs_rendu01.jpg\"\n               data-image-id=\"28\"\n               data-title=\"rendu01.jpg\"\n               data-description=\"\"\n               data-image-slug=\"rendu01-jpg\"\n               class=\"shutterset_d317ffc7547f89245b743bc2a7a5e1c1\">\n                <img\n                    title=\"rendu01.jpg\"\n                    alt=\"rendu01.jpg\"\n                    src=\"http:\/\/michaelflocco.com\/blog\/wp-content\/gallery\/me_rooftop\/thumbs\/thumbs_rendu01.jpg\"\n                    width=\"100\"\n                    height=\"75\"\n                    style=\"max-width:100%;\"\n                \/>\n            <\/a>\n        <\/div>\n\t\t\t\t\t\t\t<\/div> \n\t\t\t\n\t\t\t\t<div id=\"ngg-image-2\" class=\"ngg-gallery-thumbnail-box \" >\n\t\t\t\t        <div class=\"ngg-gallery-thumbnail\">\n            <a href=\"http:\/\/michaelflocco.com\/blog\/wp-content\/gallery\/me_rooftop\/rendu02.jpg\"\n               title=\"\"\n               data-src=\"http:\/\/michaelflocco.com\/blog\/wp-content\/gallery\/me_rooftop\/rendu02.jpg\"\n               data-thumbnail=\"http:\/\/michaelflocco.com\/blog\/wp-content\/gallery\/me_rooftop\/thumbs\/thumbs_rendu02.jpg\"\n               data-image-id=\"29\"\n               data-title=\"rendu02.jpg\"\n               data-description=\"\"\n               data-image-slug=\"rendu02-jpg\"\n               class=\"shutterset_d317ffc7547f89245b743bc2a7a5e1c1\">\n                <img\n                    title=\"rendu02.jpg\"\n                    alt=\"rendu02.jpg\"\n                    src=\"http:\/\/michaelflocco.com\/blog\/wp-content\/gallery\/me_rooftop\/thumbs\/thumbs_rendu02.jpg\"\n                    width=\"100\"\n                    height=\"75\"\n                    style=\"max-width:100%;\"\n                \/>\n            <\/a>\n        <\/div>\n\t\t\t\t\t\t\t<\/div> \n\t\t\t\n\t\t\t\t<div id=\"ngg-image-3\" class=\"ngg-gallery-thumbnail-box \" >\n\t\t\t\t        <div class=\"ngg-gallery-thumbnail\">\n            <a href=\"http:\/\/michaelflocco.com\/blog\/wp-content\/gallery\/me_rooftop\/renduwire.jpg\"\n               title=\"\"\n               data-src=\"http:\/\/michaelflocco.com\/blog\/wp-content\/gallery\/me_rooftop\/renduwire.jpg\"\n               data-thumbnail=\"http:\/\/michaelflocco.com\/blog\/wp-content\/gallery\/me_rooftop\/thumbs\/thumbs_renduwire.jpg\"\n               data-image-id=\"30\"\n               data-title=\"renduwire.jpg\"\n               data-description=\"\"\n               data-image-slug=\"renduwire-jpg\"\n               class=\"shutterset_d317ffc7547f89245b743bc2a7a5e1c1\">\n                <img\n                    title=\"renduwire.jpg\"\n                    alt=\"renduwire.jpg\"\n                    src=\"http:\/\/michaelflocco.com\/blog\/wp-content\/gallery\/me_rooftop\/thumbs\/thumbs_renduwire.jpg\"\n                    width=\"100\"\n                    height=\"75\"\n                    style=\"max-width:100%;\"\n                \/>\n            <\/a>\n        <\/div>\n\t\t\t\t\t\t\t<\/div> \n\t\t\t\n\t\t\t\t<div id=\"ngg-image-4\" class=\"ngg-gallery-thumbnail-box \" >\n\t\t\t\t        <div class=\"ngg-gallery-thumbnail\">\n            <a href=\"http:\/\/michaelflocco.com\/blog\/wp-content\/gallery\/me_rooftop\/texture0.jpg\"\n               title=\"\"\n               data-src=\"http:\/\/michaelflocco.com\/blog\/wp-content\/gallery\/me_rooftop\/texture0.jpg\"\n               data-thumbnail=\"http:\/\/michaelflocco.com\/blog\/wp-content\/gallery\/me_rooftop\/thumbs\/thumbs_texture0.jpg\"\n               data-image-id=\"31\"\n               data-title=\"texture0.jpg\"\n               data-description=\"\"\n               data-image-slug=\"texture0-jpg\"\n               class=\"shutterset_d317ffc7547f89245b743bc2a7a5e1c1\">\n                <img\n                    title=\"texture0.jpg\"\n                    alt=\"texture0.jpg\"\n                    src=\"http:\/\/michaelflocco.com\/blog\/wp-content\/gallery\/me_rooftop\/thumbs\/thumbs_texture0.jpg\"\n                    width=\"75\"\n                    height=\"75\"\n                    style=\"max-width:100%;\"\n                \/>\n            <\/a>\n        <\/div>\n\t\t\t\t\t\t\t<\/div> \n\t\t\t\n\t\t\t\t<div id=\"ngg-image-5\" class=\"ngg-gallery-thumbnail-box \" >\n\t\t\t\t        <div class=\"ngg-gallery-thumbnail\">\n            <a href=\"http:\/\/michaelflocco.com\/blog\/wp-content\/gallery\/me_rooftop\/texture1.jpg\"\n               title=\"\"\n               data-src=\"http:\/\/michaelflocco.com\/blog\/wp-content\/gallery\/me_rooftop\/texture1.jpg\"\n               data-thumbnail=\"http:\/\/michaelflocco.com\/blog\/wp-content\/gallery\/me_rooftop\/thumbs\/thumbs_texture1.jpg\"\n               data-image-id=\"32\"\n               data-title=\"texture1.jpg\"\n               data-description=\"\"\n               data-image-slug=\"texture1-jpg\"\n               class=\"shutterset_d317ffc7547f89245b743bc2a7a5e1c1\">\n                <img\n                    title=\"texture1.jpg\"\n                    alt=\"texture1.jpg\"\n                    src=\"http:\/\/michaelflocco.com\/blog\/wp-content\/gallery\/me_rooftop\/thumbs\/thumbs_texture1.jpg\"\n                    width=\"75\"\n                    height=\"75\"\n                    style=\"max-width:100%;\"\n                \/>\n            <\/a>\n        <\/div>\n\t\t\t\t\t\t\t<\/div> \n\t\t\t\n\t\n\t<br style=\"clear: both\" \/>\n\n\t\n\t\t<div class=\"ngg-clear\"><\/div>\n\t<\/div>\n\n","protected":false},"excerpt":{"rendered":"<p>Une sc\u00e8ne inspir\u00e9e du jeu vid\u00e9o Mirror&#8217;s Edge. &#8211; 5 002 tris &#8211; 2&#215;1024 diffuse<\/p>\n","protected":false},"author":1,"featured_media":0,"parent":3,"menu_order":0,"comment_status":"open","ping_status":"open","template":"","meta":{"ngg_post_thumbnail":0},"_links":{"self":[{"href":"http:\/\/michaelflocco.com\/blog\/index.php?rest_route=\/wp\/v2\/pages\/28"}],"collection":[{"href":"http:\/\/michaelflocco.com\/blog\/index.php?rest_route=\/wp\/v2\/pages"}],"about":[{"href":"http:\/\/michaelflocco.com\/blog\/index.php?rest_route=\/wp\/v2\/types\/page"}],"author":[{"embeddable":true,"href":"http:\/\/michaelflocco.com\/blog\/index.php?rest_route=\/wp\/v2\/users\/1"}],"replies":[{"embeddable":true,"href":"http:\/\/michaelflocco.com\/blog\/index.php?rest_route=%2Fwp%2Fv2%2Fcomments&post=28"}],"version-history":[{"count":3,"href":"http:\/\/michaelflocco.com\/blog\/index.php?rest_route=\/wp\/v2\/pages\/28\/revisions"}],"predecessor-version":[{"id":275,"href":"http:\/\/michaelflocco.com\/blog\/index.php?rest_route=\/wp\/v2\/pages\/28\/revisions\/275"}],"up":[{"embeddable":true,"href":"http:\/\/michaelflocco.com\/blog\/index.php?rest_route=\/wp\/v2\/pages\/3"}],"wp:attachment":[{"href":"http:\/\/michaelflocco.com\/blog\/index.php?rest_route=%2Fwp%2Fv2%2Fmedia&parent=28"}],"curies":[{"name":"wp","href":"https:\/\/api.w.org\/{rel}","templated":true}]}}