{"id":32,"date":"2009-03-21T23:28:43","date_gmt":"2009-03-21T22:28:43","guid":{"rendered":"http:\/\/michael.flocco.free.fr\/blog\/?page_id=32"},"modified":"2010-01-03T11:21:10","modified_gmt":"2010-01-03T10:21:10","slug":"le-port","status":"publish","type":"page","link":"http:\/\/michaelflocco.com\/blog\/?page_id=32","title":{"rendered":"Le port"},"content":{"rendered":"<p>Une sc\u00e8ne r\u00e9alis\u00e9e sous 3Ds Max. Le but \u00e9tait de partir du dessin d&#8217;une sc\u00e8ne tr\u00e8s simple, de la r\u00e9aliser en 3D puis de l&#8217;am\u00e9nager selon nos id\u00e9es.<\/p>\n<p>&#8211; 6 450 tris<br \/>\n&#8211; 4&#215;1024 diffuse et normal maps<\/p>\n            \n\t\t<div class=\"ngg-gallery-singlepic-image ngg-center\" style=\"max-width: 480px\">\n\t\t\t    \t<a href=\"http:\/\/michaelflocco.com\/blog\/wp-content\/gallery\/port_2008\/rendu_04.jpg\"\n\t\t     title=\"\"\n             data-src=\"http:\/\/michaelflocco.com\/blog\/wp-content\/gallery\/port_2008\/rendu_04.jpg\"\n             data-thumbnail=\"http:\/\/michaelflocco.com\/blog\/wp-content\/gallery\/port_2008\/thumbs\/thumbs_rendu_04.jpg\"\n             data-image-id=\"210\"\n             data-title=\"rendu_04.jpg\"\n             data-description=\"\"\n             target='_self'\n             class=\"shutterset_43685f2d0c7d92f9cdc34d70ecfbc150\">\n            <img class=\"ngg-singlepic\"\n             src=\"http:\/\/michaelflocco.com\/blog\/wp-content\/gallery\/port_2008\/cache\/rendu_04.jpg-nggid03210-ngg0dyn-480x360x100-00f0w010c010r110f110r010t010.jpg\"\n             alt=\"rendu_04.jpg\"\n             title=\"rendu_04.jpg\"\n              width=\"480\"               \/>\n    \t<\/a>\n\t\t      <\/div>\n        \n<!-- default-view.php -->\n<div\n\tclass=\"ngg-galleryoverview default-view \"\n\tid=\"ngg-gallery-033f2c319fc574f69964ad76f331f216-1\">\n\n\t\t<!-- Thumbnails -->\n\t\t\t\t<div id=\"ngg-image-0\" class=\"ngg-gallery-thumbnail-box \" >\n\t\t\t\t        <div class=\"ngg-gallery-thumbnail\">\n            <a href=\"http:\/\/michaelflocco.com\/blog\/wp-content\/gallery\/port_2008\/tex01.jpg\"\n               title=\"\"\n               data-src=\"http:\/\/michaelflocco.com\/blog\/wp-content\/gallery\/port_2008\/tex01.jpg\"\n               data-thumbnail=\"http:\/\/michaelflocco.com\/blog\/wp-content\/gallery\/port_2008\/thumbs\/thumbs_tex01.jpg\"\n               data-image-id=\"33\"\n               data-title=\"tex01.jpg\"\n               data-description=\"\"\n               data-image-slug=\"tex01-jpg\"\n               class=\"shutterset_033f2c319fc574f69964ad76f331f216\">\n                <img\n                    title=\"tex01.jpg\"\n                    alt=\"tex01.jpg\"\n                    src=\"http:\/\/michaelflocco.com\/blog\/wp-content\/gallery\/port_2008\/thumbs\/thumbs_tex01.jpg\"\n                    width=\"75\"\n                    height=\"75\"\n                    style=\"max-width:100%;\"\n                \/>\n            <\/a>\n        <\/div>\n\t\t\t\t\t\t\t<\/div> \n\t\t\t\n\t\t\t\t<div id=\"ngg-image-1\" class=\"ngg-gallery-thumbnail-box \" >\n\t\t\t\t        <div class=\"ngg-gallery-thumbnail\">\n            <a href=\"http:\/\/michaelflocco.com\/blog\/wp-content\/gallery\/port_2008\/tex02.jpg\"\n               title=\"\"\n               data-src=\"http:\/\/michaelflocco.com\/blog\/wp-content\/gallery\/port_2008\/tex02.jpg\"\n               data-thumbnail=\"http:\/\/michaelflocco.com\/blog\/wp-content\/gallery\/port_2008\/thumbs\/thumbs_tex02.jpg\"\n               data-image-id=\"34\"\n               data-title=\"tex02.jpg\"\n               data-description=\"\"\n               data-image-slug=\"tex02-jpg\"\n               class=\"shutterset_033f2c319fc574f69964ad76f331f216\">\n                <img\n                    title=\"tex02.jpg\"\n                    alt=\"tex02.jpg\"\n                    src=\"http:\/\/michaelflocco.com\/blog\/wp-content\/gallery\/port_2008\/thumbs\/thumbs_tex02.jpg\"\n                    width=\"75\"\n                    height=\"75\"\n                    style=\"max-width:100%;\"\n                \/>\n            <\/a>\n        <\/div>\n\t\t\t\t\t\t\t<\/div> \n\t\t\t\n\t\t\t\t<div id=\"ngg-image-2\" class=\"ngg-gallery-thumbnail-box \" >\n\t\t\t\t        <div class=\"ngg-gallery-thumbnail\">\n            <a href=\"http:\/\/michaelflocco.com\/blog\/wp-content\/gallery\/port_2008\/tex03.jpg\"\n               title=\"\"\n               data-src=\"http:\/\/michaelflocco.com\/blog\/wp-content\/gallery\/port_2008\/tex03.jpg\"\n               data-thumbnail=\"http:\/\/michaelflocco.com\/blog\/wp-content\/gallery\/port_2008\/thumbs\/thumbs_tex03.jpg\"\n               data-image-id=\"35\"\n               data-title=\"tex03.jpg\"\n               data-description=\"\"\n               data-image-slug=\"tex03-jpg\"\n               class=\"shutterset_033f2c319fc574f69964ad76f331f216\">\n                <img\n                    title=\"tex03.jpg\"\n                    alt=\"tex03.jpg\"\n                    src=\"http:\/\/michaelflocco.com\/blog\/wp-content\/gallery\/port_2008\/thumbs\/thumbs_tex03.jpg\"\n                    width=\"75\"\n                    height=\"75\"\n                    style=\"max-width:100%;\"\n                \/>\n            <\/a>\n        <\/div>\n\t\t\t\t\t\t\t<\/div> \n\t\t\t\n\t\t\t\t<div id=\"ngg-image-3\" class=\"ngg-gallery-thumbnail-box \" >\n\t\t\t\t        <div class=\"ngg-gallery-thumbnail\">\n            <a href=\"http:\/\/michaelflocco.com\/blog\/wp-content\/gallery\/port_2008\/tex04.jpg\"\n               title=\"\"\n               data-src=\"http:\/\/michaelflocco.com\/blog\/wp-content\/gallery\/port_2008\/tex04.jpg\"\n               data-thumbnail=\"http:\/\/michaelflocco.com\/blog\/wp-content\/gallery\/port_2008\/thumbs\/thumbs_tex04.jpg\"\n               data-image-id=\"36\"\n               data-title=\"tex04.jpg\"\n               data-description=\"\"\n               data-image-slug=\"tex04-jpg\"\n               class=\"shutterset_033f2c319fc574f69964ad76f331f216\">\n                <img\n                    title=\"tex04.jpg\"\n                    alt=\"tex04.jpg\"\n                    src=\"http:\/\/michaelflocco.com\/blog\/wp-content\/gallery\/port_2008\/thumbs\/thumbs_tex04.jpg\"\n                    width=\"75\"\n                    height=\"75\"\n                    style=\"max-width:100%;\"\n                \/>\n            <\/a>\n        <\/div>\n\t\t\t\t\t\t\t<\/div> \n\t\t\t\n\t\t\t\t<div id=\"ngg-image-4\" class=\"ngg-gallery-thumbnail-box \" >\n\t\t\t\t        <div class=\"ngg-gallery-thumbnail\">\n            <a href=\"http:\/\/michaelflocco.com\/blog\/wp-content\/gallery\/port_2008\/rendu00.jpg\"\n               title=\"\"\n               data-src=\"http:\/\/michaelflocco.com\/blog\/wp-content\/gallery\/port_2008\/rendu00.jpg\"\n               data-thumbnail=\"http:\/\/michaelflocco.com\/blog\/wp-content\/gallery\/port_2008\/thumbs\/thumbs_rendu00.jpg\"\n               data-image-id=\"37\"\n               data-title=\"rendu00.jpg\"\n               data-description=\"\"\n               data-image-slug=\"rendu00-jpg\"\n               class=\"shutterset_033f2c319fc574f69964ad76f331f216\">\n                <img\n                    title=\"rendu00.jpg\"\n                    alt=\"rendu00.jpg\"\n                    src=\"http:\/\/michaelflocco.com\/blog\/wp-content\/gallery\/port_2008\/thumbs\/thumbs_rendu00.jpg\"\n                    width=\"100\"\n                    height=\"75\"\n                    style=\"max-width:100%;\"\n                \/>\n            <\/a>\n        <\/div>\n\t\t\t\t\t\t\t<\/div> \n\t\t\t\n\t\t\t\t<div id=\"ngg-image-5\" class=\"ngg-gallery-thumbnail-box \" >\n\t\t\t\t        <div class=\"ngg-gallery-thumbnail\">\n            <a href=\"http:\/\/michaelflocco.com\/blog\/wp-content\/gallery\/port_2008\/rendu01.jpg\"\n               title=\"\"\n               data-src=\"http:\/\/michaelflocco.com\/blog\/wp-content\/gallery\/port_2008\/rendu01.jpg\"\n               data-thumbnail=\"http:\/\/michaelflocco.com\/blog\/wp-content\/gallery\/port_2008\/thumbs\/thumbs_rendu01.jpg\"\n               data-image-id=\"38\"\n               data-title=\"rendu01.jpg\"\n               data-description=\"\"\n               data-image-slug=\"rendu01-jpg\"\n               class=\"shutterset_033f2c319fc574f69964ad76f331f216\">\n                <img\n                    title=\"rendu01.jpg\"\n                    alt=\"rendu01.jpg\"\n                    src=\"http:\/\/michaelflocco.com\/blog\/wp-content\/gallery\/port_2008\/thumbs\/thumbs_rendu01.jpg\"\n                    width=\"100\"\n                    height=\"75\"\n                    style=\"max-width:100%;\"\n                \/>\n            <\/a>\n        <\/div>\n\t\t\t\t\t\t\t<\/div> \n\t\t\t\n\t\t\t\t<div id=\"ngg-image-6\" class=\"ngg-gallery-thumbnail-box \" >\n\t\t\t\t        <div class=\"ngg-gallery-thumbnail\">\n            <a href=\"http:\/\/michaelflocco.com\/blog\/wp-content\/gallery\/port_2008\/rendu02.jpg\"\n               title=\"\"\n               data-src=\"http:\/\/michaelflocco.com\/blog\/wp-content\/gallery\/port_2008\/rendu02.jpg\"\n               data-thumbnail=\"http:\/\/michaelflocco.com\/blog\/wp-content\/gallery\/port_2008\/thumbs\/thumbs_rendu02.jpg\"\n               data-image-id=\"39\"\n               data-title=\"rendu02.jpg\"\n               data-description=\"\"\n               data-image-slug=\"rendu02-jpg-1\"\n               class=\"shutterset_033f2c319fc574f69964ad76f331f216\">\n                <img\n                    title=\"rendu02.jpg\"\n                    alt=\"rendu02.jpg\"\n                    src=\"http:\/\/michaelflocco.com\/blog\/wp-content\/gallery\/port_2008\/thumbs\/thumbs_rendu02.jpg\"\n                    width=\"99\"\n                    height=\"75\"\n                    style=\"max-width:100%;\"\n                \/>\n            <\/a>\n        <\/div>\n\t\t\t\t\t\t\t<\/div> \n\t\t\t\n\t\t\t\t<div id=\"ngg-image-7\" class=\"ngg-gallery-thumbnail-box \" >\n\t\t\t\t        <div class=\"ngg-gallery-thumbnail\">\n            <a href=\"http:\/\/michaelflocco.com\/blog\/wp-content\/gallery\/port_2008\/rendu03.jpg\"\n               title=\"\"\n               data-src=\"http:\/\/michaelflocco.com\/blog\/wp-content\/gallery\/port_2008\/rendu03.jpg\"\n               data-thumbnail=\"http:\/\/michaelflocco.com\/blog\/wp-content\/gallery\/port_2008\/thumbs\/thumbs_rendu03.jpg\"\n               data-image-id=\"40\"\n               data-title=\"rendu03.jpg\"\n               data-description=\"\"\n               data-image-slug=\"rendu03-jpg-1\"\n               class=\"shutterset_033f2c319fc574f69964ad76f331f216\">\n                <img\n                    title=\"rendu03.jpg\"\n                    alt=\"rendu03.jpg\"\n                    src=\"http:\/\/michaelflocco.com\/blog\/wp-content\/gallery\/port_2008\/thumbs\/thumbs_rendu03.jpg\"\n                    width=\"100\"\n                    height=\"75\"\n                    style=\"max-width:100%;\"\n                \/>\n            <\/a>\n        <\/div>\n\t\t\t\t\t\t\t<\/div> \n\t\t\t\n\t\t\t\t<div id=\"ngg-image-8\" class=\"ngg-gallery-thumbnail-box \" >\n\t\t\t\t        <div class=\"ngg-gallery-thumbnail\">\n            <a href=\"http:\/\/michaelflocco.com\/blog\/wp-content\/gallery\/port_2008\/rendu_04.jpg\"\n               title=\"\"\n               data-src=\"http:\/\/michaelflocco.com\/blog\/wp-content\/gallery\/port_2008\/rendu_04.jpg\"\n               data-thumbnail=\"http:\/\/michaelflocco.com\/blog\/wp-content\/gallery\/port_2008\/thumbs\/thumbs_rendu_04.jpg\"\n               data-image-id=\"210\"\n               data-title=\"rendu_04.jpg\"\n               data-description=\"\"\n               data-image-slug=\"rendu_04-jpg\"\n               class=\"shutterset_033f2c319fc574f69964ad76f331f216\">\n                <img\n                    title=\"rendu_04.jpg\"\n                    alt=\"rendu_04.jpg\"\n                    src=\"http:\/\/michaelflocco.com\/blog\/wp-content\/gallery\/port_2008\/thumbs\/thumbs_rendu_04.jpg\"\n                    width=\"100\"\n                    height=\"75\"\n                    style=\"max-width:100%;\"\n                \/>\n            <\/a>\n        <\/div>\n\t\t\t\t\t\t\t<\/div> \n\t\t\t\n\t\n\t<br style=\"clear: both\" \/>\n\n\t\n\t\t<div class=\"ngg-clear\"><\/div>\n\t<\/div>\n\n","protected":false},"excerpt":{"rendered":"<p>Une sc\u00e8ne r\u00e9alis\u00e9e sous 3Ds Max. Le but \u00e9tait de partir du dessin d&#8217;une sc\u00e8ne tr\u00e8s simple, de la r\u00e9aliser en 3D puis de l&#8217;am\u00e9nager selon nos id\u00e9es. &#8211; 6 450 tris &#8211; 4&#215;1024 diffuse et normal maps<\/p>\n","protected":false},"author":1,"featured_media":0,"parent":3,"menu_order":0,"comment_status":"open","ping_status":"open","template":"","meta":{"ngg_post_thumbnail":0},"_links":{"self":[{"href":"http:\/\/michaelflocco.com\/blog\/index.php?rest_route=\/wp\/v2\/pages\/32"}],"collection":[{"href":"http:\/\/michaelflocco.com\/blog\/index.php?rest_route=\/wp\/v2\/pages"}],"about":[{"href":"http:\/\/michaelflocco.com\/blog\/index.php?rest_route=\/wp\/v2\/types\/page"}],"author":[{"embeddable":true,"href":"http:\/\/michaelflocco.com\/blog\/index.php?rest_route=\/wp\/v2\/users\/1"}],"replies":[{"embeddable":true,"href":"http:\/\/michaelflocco.com\/blog\/index.php?rest_route=%2Fwp%2Fv2%2Fcomments&post=32"}],"version-history":[{"count":7,"href":"http:\/\/michaelflocco.com\/blog\/index.php?rest_route=\/wp\/v2\/pages\/32\/revisions"}],"predecessor-version":[{"id":267,"href":"http:\/\/michaelflocco.com\/blog\/index.php?rest_route=\/wp\/v2\/pages\/32\/revisions\/267"}],"up":[{"embeddable":true,"href":"http:\/\/michaelflocco.com\/blog\/index.php?rest_route=\/wp\/v2\/pages\/3"}],"wp:attachment":[{"href":"http:\/\/michaelflocco.com\/blog\/index.php?rest_route=%2Fwp%2Fv2%2Fmedia&parent=32"}],"curies":[{"name":"wp","href":"https:\/\/api.w.org\/{rel}","templated":true}]}}