{"id":53,"date":"2009-03-22T13:56:01","date_gmt":"2009-03-22T12:56:01","guid":{"rendered":"http:\/\/michael.flocco.free.fr\/blog\/?page_id=53"},"modified":"2009-03-22T13:56:01","modified_gmt":"2009-03-22T12:56:01","slug":"san-andreas-stunts","status":"publish","type":"page","link":"http:\/\/michaelflocco.com\/blog\/?page_id=53","title":{"rendered":"San Andreas Stunts"},"content":{"rendered":"<p>Un montage vid\u00e9o de diff\u00e9rentes cascades r\u00e9alis\u00e9es dans GTA San Andreas.<br \/>\nLogiciel utilis\u00e9 : Adobe Premi\u00e8re.<\/p>\n<p><center>[media id=4]<\/center><\/p>\n","protected":false},"excerpt":{"rendered":"<p>Un montage vid\u00e9o de diff\u00e9rentes cascades r\u00e9alis\u00e9es dans GTA San Andreas. Logiciel utilis\u00e9 : Adobe Premi\u00e8re. [media id=4]<\/p>\n","protected":false},"author":1,"featured_media":0,"parent":9,"menu_order":0,"comment_status":"open","ping_status":"open","template":"","meta":{"ngg_post_thumbnail":0},"_links":{"self":[{"href":"http:\/\/michaelflocco.com\/blog\/index.php?rest_route=\/wp\/v2\/pages\/53"}],"collection":[{"href":"http:\/\/michaelflocco.com\/blog\/index.php?rest_route=\/wp\/v2\/pages"}],"about":[{"href":"http:\/\/michaelflocco.com\/blog\/index.php?rest_route=\/wp\/v2\/types\/page"}],"author":[{"embeddable":true,"href":"http:\/\/michaelflocco.com\/blog\/index.php?rest_route=\/wp\/v2\/users\/1"}],"replies":[{"embeddable":true,"href":"http:\/\/michaelflocco.com\/blog\/index.php?rest_route=%2Fwp%2Fv2%2Fcomments&post=53"}],"version-history":[{"count":1,"href":"http:\/\/michaelflocco.com\/blog\/index.php?rest_route=\/wp\/v2\/pages\/53\/revisions"}],"predecessor-version":[{"id":54,"href":"http:\/\/michaelflocco.com\/blog\/index.php?rest_route=\/wp\/v2\/pages\/53\/revisions\/54"}],"up":[{"embeddable":true,"href":"http:\/\/michaelflocco.com\/blog\/index.php?rest_route=\/wp\/v2\/pages\/9"}],"wp:attachment":[{"href":"http:\/\/michaelflocco.com\/blog\/index.php?rest_route=%2Fwp%2Fv2%2Fmedia&parent=53"}],"curies":[{"name":"wp","href":"https:\/\/api.w.org\/{rel}","templated":true}]}}